{"id":56,"date":"2020-07-28T01:18:49","date_gmt":"2020-07-28T01:18:49","guid":{"rendered":"http:\/\/ciapmet.mx\/?page_id=56"},"modified":"2025-01-23T06:42:51","modified_gmt":"2025-01-23T06:42:51","slug":"nosotros-2","status":"publish","type":"page","link":"https:\/\/ciapmet.com\/index.php\/nosotros-2\/","title":{"rendered":"Nosotros"},"content":{"rendered":"\t\t<div data-elementor-type=\"wp-page\" data-elementor-id=\"56\" class=\"elementor elementor-56\">\n\t\t\t\t\t\t<section class=\"elementor-section elementor-top-section elementor-element elementor-element-1f0d5d6b elementor-section-content-middle elementor-section-boxed elementor-section-height-default elementor-section-height-default\" data-id=\"1f0d5d6b\" data-element_type=\"section\" data-settings=\"{&quot;background_background&quot;:&quot;gradient&quot;}\">\n\t\t\t\t\t\t<div class=\"elementor-container elementor-column-gap-no\">\n\t\t\t\t\t<div class=\"elementor-column elementor-col-100 elementor-top-column elementor-element elementor-element-3e9029f2\" data-id=\"3e9029f2\" data-element_type=\"column\">\n\t\t\t<div class=\"elementor-widget-wrap elementor-element-populated\">\n\t\t\t\t\t\t<div class=\"elementor-element elementor-element-67e60779 elementor-widget elementor-widget-image\" data-id=\"67e60779\" data-element_type=\"widget\" data-widget_type=\"image.default\">\n\t\t\t\t<div class=\"elementor-widget-container\">\n\t\t\t\t\t\t\t\t\t\t\t\t\t\t\t<img fetchpriority=\"high\" decoding=\"async\" width=\"960\" height=\"640\" src=\"https:\/\/ciapmet.com\/wp-content\/uploads\/2020\/07\/sol2.jpg\" class=\"attachment-full size-full wp-image-91\" alt=\"\" srcset=\"https:\/\/ciapmet.com\/wp-content\/uploads\/2020\/07\/sol2.jpg 960w, https:\/\/ciapmet.com\/wp-content\/uploads\/2020\/07\/sol2-300x200.jpg 300w, https:\/\/ciapmet.com\/wp-content\/uploads\/2020\/07\/sol2-768x512.jpg 768w\" sizes=\"(max-width: 960px) 100vw, 960px\" \/>\t\t\t\t\t\t\t\t\t\t\t\t\t\t\t<\/div>\n\t\t\t\t<\/div>\n\t\t\t\t<div class=\"elementor-element elementor-element-512fbda1 elementor-widget elementor-widget-heading\" data-id=\"512fbda1\" data-element_type=\"widget\" data-widget_type=\"heading.default\">\n\t\t\t\t<div class=\"elementor-widget-container\">\n\t\t\t\t\t<h3 class=\"elementor-heading-title elementor-size-default\">Sobre nuestra empresa<\/h3>\t\t\t\t<\/div>\n\t\t\t\t<\/div>\n\t\t\t\t<div class=\"elementor-element elementor-element-71ff3a03 elementor-widget elementor-widget-text-editor\" data-id=\"71ff3a03\" data-element_type=\"widget\" data-widget_type=\"text-editor.default\">\n\t\t\t\t<div class=\"elementor-widget-container\">\n\t\t\t\t\t\t\t\t\t<p style=\"text-align: left;\">P.M.E.T.&nbsp; fundada en 1993 ,es una empresa, ubicada en la ciudad de Tuxpan Jalisco, avalados con 25 a\u00f1os de experiencia, en la fabricaci\u00f3n de estructuras de metal, as\u00ed como de acero inoxidable. Es una empresa reconocida a nivel nacional por sus excelentes trabajos realizados a empresas de clase nacional.<\/p>\t\t\t\t\t\t\t\t<\/div>\n\t\t\t\t<\/div>\n\t\t\t\t<section class=\"elementor-section elementor-inner-section elementor-element elementor-element-5fab1e09 elementor-section-boxed elementor-section-height-default elementor-section-height-default\" data-id=\"5fab1e09\" data-element_type=\"section\">\n\t\t\t\t\t\t<div class=\"elementor-container elementor-column-gap-default\">\n\t\t\t\t\t<div class=\"elementor-column elementor-col-50 elementor-inner-column elementor-element elementor-element-26c0cc0d\" data-id=\"26c0cc0d\" data-element_type=\"column\">\n\t\t\t<div class=\"elementor-widget-wrap elementor-element-populated\">\n\t\t\t\t\t\t<div class=\"elementor-element elementor-element-718daea4 elementor-widget elementor-widget-text-editor\" data-id=\"718daea4\" data-element_type=\"widget\" data-widget_type=\"text-editor.default\">\n\t\t\t\t<div class=\"elementor-widget-container\">\n\t\t\t\t\t\t\t\t\t<h1 style=\"text-align: center;\">MISI\u00d3N<\/h1><div>Ofrecer <span style=\"font-size: 16px;\">al\u00a0<\/span>mercado\u00a0\u00a0industrial\u00a0productos\u00a0y\u00a0servicios\u00a0de<\/div><div>calidad, en la fabricaci\u00f3n y mantenimiento de proyectos asegurando la\u00a0 satisfacci\u00f3n\u00a0de\u00a0nuestros\u00a0clientes\u00a0y\u00a0contribuyendo\u00a0al\u00a0desarrollo,\u00a0bienestar\u00a0y\u00a0seguridad\u00a0de\u00a0todos\u00a0los\u00a0que\u00a0colaboran\u00a0dentro\u00a0de\u00a0la\u00a0organizaci\u00f3n.<\/div>\t\t\t\t\t\t\t\t<\/div>\n\t\t\t\t<\/div>\n\t\t\t\t\t<\/div>\n\t\t<\/div>\n\t\t\t\t<div class=\"elementor-column elementor-col-50 elementor-inner-column elementor-element elementor-element-3a7c61f8\" data-id=\"3a7c61f8\" data-element_type=\"column\">\n\t\t\t<div class=\"elementor-widget-wrap elementor-element-populated\">\n\t\t\t\t\t\t<div class=\"elementor-element elementor-element-4d1eecb3 elementor-widget elementor-widget-text-editor\" data-id=\"4d1eecb3\" data-element_type=\"widget\" data-widget_type=\"text-editor.default\">\n\t\t\t\t<div class=\"elementor-widget-container\">\n\t\t\t\t\t\t\t\t\t<h1 style=\"text-align: center;\">VISI\u00d3N<\/h1>\n<p>Fortificar nuestra estructura como empresa para consolidarnos como principal proveedor para proyectos de primer nivel tanto en innovaci\u00f3n como es costos. As\u00ed mismo ser reconocida internacionalmente e identificada por la calidad de sus productos y servicios.<\/p>\t\t\t\t\t\t\t\t<\/div>\n\t\t\t\t<\/div>\n\t\t\t\t\t<\/div>\n\t\t<\/div>\n\t\t\t\t\t<\/div>\n\t\t<\/section>\n\t\t\t\t\t<\/div>\n\t\t<\/div>\n\t\t\t\t\t<\/div>\n\t\t<\/section>\n\t\t\t\t<section class=\"elementor-section elementor-top-section elementor-element elementor-element-5eb79d5 elementor-section-boxed elementor-section-height-default elementor-section-height-default\" data-id=\"5eb79d5\" data-element_type=\"section\">\n\t\t\t\t\t\t<div class=\"elementor-container elementor-column-gap-default\">\n\t\t\t\t\t<div class=\"elementor-column elementor-col-100 elementor-top-column elementor-element elementor-element-f3fbeda\" data-id=\"f3fbeda\" data-element_type=\"column\">\n\t\t\t<div class=\"elementor-widget-wrap elementor-element-populated\">\n\t\t\t\t\t\t<div class=\"elementor-element elementor-element-39a2f32 elementor-widget elementor-widget-image\" data-id=\"39a2f32\" data-element_type=\"widget\" data-widget_type=\"image.default\">\n\t\t\t\t<div class=\"elementor-widget-container\">\n\t\t\t\t\t\t\t\t\t\t\t\t\t\t\t<img decoding=\"async\" width=\"960\" height=\"640\" src=\"https:\/\/ciapmet.com\/wp-content\/uploads\/2020\/08\/sol.jpg\" class=\"attachment-large size-large wp-image-190\" alt=\"solsador ciapmet\" srcset=\"https:\/\/ciapmet.com\/wp-content\/uploads\/2020\/08\/sol.jpg 960w, https:\/\/ciapmet.com\/wp-content\/uploads\/2020\/08\/sol-300x200.jpg 300w, https:\/\/ciapmet.com\/wp-content\/uploads\/2020\/08\/sol-768x512.jpg 768w\" sizes=\"(max-width: 960px) 100vw, 960px\" \/>\t\t\t\t\t\t\t\t\t\t\t\t\t\t\t<\/div>\n\t\t\t\t<\/div>\n\t\t\t\t\t<\/div>\n\t\t<\/div>\n\t\t\t\t\t<\/div>\n\t\t<\/section>\n\t\t\t\t<section class=\"elementor-section elementor-top-section elementor-element elementor-element-db4764b elementor-section-boxed elementor-section-height-default elementor-section-height-default\" data-id=\"db4764b\" data-element_type=\"section\">\n\t\t\t\t\t\t<div class=\"elementor-container elementor-column-gap-default\">\n\t\t\t\t\t<div class=\"elementor-column elementor-col-100 elementor-top-column elementor-element elementor-element-2291a09\" data-id=\"2291a09\" data-element_type=\"column\">\n\t\t\t<div class=\"elementor-widget-wrap elementor-element-populated\">\n\t\t\t\t\t\t<div class=\"elementor-element elementor-element-bdea82c elementor-widget elementor-widget-text-editor\" data-id=\"bdea82c\" data-element_type=\"widget\" data-widget_type=\"text-editor.default\">\n\t\t\t\t<div class=\"elementor-widget-container\">\n\t\t\t\t\t\t\t\t\t<div data-page-number=\"2\" data-loaded=\"true\"><div><div style=\"text-align: left;\">Nuestro taller de fabricaci\u00f3n se localiza en la ciudad de Tuxpan Jalisco con una superficie de m\u00e1s de 840 m2. Cuenta con el personal calificado, maquinaria y equipo necesario para la fabricaci\u00f3n de todo tipo de proyectos.\u00a0<\/div><div>Nos encontramos en una\u00a0extraordinaria ubicaci\u00f3n, carretera Atenquique &#8211; Tamazula KM 7, en la ciudad de Tuxpan Jalisco.<\/div><div>Lo\u00a0cual\u00a0nos\u00a0permite\u00a0a\u00a0atender\u00a0las\u00a0demandas\u00a0de\u00a0nuestros\u00a0clientes.<\/div><\/div><\/div>\t\t\t\t\t\t\t\t<\/div>\n\t\t\t\t<\/div>\n\t\t\t\t\t<\/div>\n\t\t<\/div>\n\t\t\t\t\t<\/div>\n\t\t<\/section>\n\t\t\t\t<section class=\"elementor-section elementor-top-section elementor-element elementor-element-b6fea97 elementor-section-boxed elementor-section-height-default elementor-section-height-default\" data-id=\"b6fea97\" data-element_type=\"section\">\n\t\t\t\t\t\t<div class=\"elementor-container elementor-column-gap-default\">\n\t\t\t\t\t<div class=\"elementor-column elementor-col-100 elementor-top-column elementor-element elementor-element-bc12342\" data-id=\"bc12342\" data-element_type=\"column\">\n\t\t\t<div class=\"elementor-widget-wrap elementor-element-populated\">\n\t\t\t\t\t\t<div class=\"elementor-element elementor-element-aaaef74 elementor-widget elementor-widget-heading\" data-id=\"aaaef74\" data-element_type=\"widget\" data-widget_type=\"heading.default\">\n\t\t\t\t<div class=\"elementor-widget-container\">\n\t\t\t\t\t<h2 class=\"elementor-heading-title elementor-size-default\">Maquinaria, Herramienta y Medios de Transporte<\/h2>\t\t\t\t<\/div>\n\t\t\t\t<\/div>\n\t\t\t\t\t<\/div>\n\t\t<\/div>\n\t\t\t\t\t<\/div>\n\t\t<\/section>\n\t\t\t\t<section class=\"elementor-section elementor-top-section elementor-element elementor-element-1f0d619 elementor-section-boxed elementor-section-height-default elementor-section-height-default\" data-id=\"1f0d619\" data-element_type=\"section\">\n\t\t\t\t\t\t<div class=\"elementor-container elementor-column-gap-default\">\n\t\t\t\t\t<div class=\"elementor-column elementor-col-100 elementor-top-column elementor-element elementor-element-3b5cd44\" data-id=\"3b5cd44\" data-element_type=\"column\">\n\t\t\t<div class=\"elementor-widget-wrap elementor-element-populated\">\n\t\t\t\t\t\t<div class=\"elementor-element elementor-element-5d57a8f elementor-align-left elementor-icon-list--layout-traditional elementor-list-item-link-full_width elementor-widget elementor-widget-icon-list\" data-id=\"5d57a8f\" data-element_type=\"widget\" data-widget_type=\"icon-list.default\">\n\t\t\t\t<div class=\"elementor-widget-container\">\n\t\t\t\t\t\t\t<ul class=\"elementor-icon-list-items\">\n\t\t\t\t\t\t\t<li class=\"elementor-icon-list-item\">\n\t\t\t\t\t\t\t\t\t\t\t<span class=\"elementor-icon-list-icon\">\n\t\t\t\t\t\t\t<i aria-hidden=\"true\" class=\"fas fa-check\"><\/i>\t\t\t\t\t\t<\/span>\n\t\t\t\t\t\t\t\t\t\t<span class=\"elementor-icon-list-text\"><b><i style=\"\">Contamos con: <br>rolados con las siguientes medidas.<\/i><\/b><br>\u2022 pies de ancho y rolado 1 \u00bd\u201d de espesor.<br>\u2022 maquinas de soldar.<br>\u2022 equipos de corte.<br>\u2022 maquinas semi-autom\u00e1ticas (micro alambre)<br>\u2022 pulidoras.<br>\u2022 equipos de gas arg\u00f3n.<br>\u2022 gr\u00faa con capacidad de 20 toneladas<br>\u2022 tit\u00e1n con capacidad de 15 toneladas.<br><span style=\"font-size: 15px; font-style: normal; font-weight: 400;\">\u2022 gr\u00faa sobre ruedas de 25 toneladas <\/span><br>\u2022 tr\u00e1iler para mover equipo fabricado<br>\u2022torno.<br>\u2022Fresadora. <\/span>\n\t\t\t\t\t\t\t\t\t<\/li>\n\t\t\t\t\t\t<\/ul>\n\t\t\t\t\t\t<\/div>\n\t\t\t\t<\/div>\n\t\t\t\t\t<\/div>\n\t\t<\/div>\n\t\t\t\t\t<\/div>\n\t\t<\/section>\n\t\t\t\t<section class=\"elementor-section elementor-top-section elementor-element elementor-element-29e7dbf elementor-section-boxed elementor-section-height-default elementor-section-height-default\" data-id=\"29e7dbf\" data-element_type=\"section\">\n\t\t\t\t\t\t<div class=\"elementor-container elementor-column-gap-default\">\n\t\t\t\t\t<div class=\"elementor-column elementor-col-100 elementor-top-column elementor-element elementor-element-3fe13d0\" data-id=\"3fe13d0\" data-element_type=\"column\">\n\t\t\t<div class=\"elementor-widget-wrap elementor-element-populated\">\n\t\t\t\t\t\t<div class=\"elementor-element elementor-element-14e1cd8 elementor-widget elementor-widget-heading\" data-id=\"14e1cd8\" data-element_type=\"widget\" data-widget_type=\"heading.default\">\n\t\t\t\t<div class=\"elementor-widget-container\">\n\t\t\t\t\t<h2 class=\"elementor-heading-title elementor-size-default\">Organigrama<\/h2>\t\t\t\t<\/div>\n\t\t\t\t<\/div>\n\t\t\t\t<div class=\"elementor-element elementor-element-4fbc76b elementor-widget elementor-widget-image\" data-id=\"4fbc76b\" data-element_type=\"widget\" data-widget_type=\"image.default\">\n\t\t\t\t<div class=\"elementor-widget-container\">\n\t\t\t\t\t\t\t\t\t\t\t\t\t\t\t<img decoding=\"async\" width=\"853\" height=\"480\" src=\"https:\/\/ciapmet.com\/wp-content\/uploads\/2025\/01\/ciapmet-organigrama.gif\" class=\"attachment-large size-large wp-image-424\" alt=\"\" \/>\t\t\t\t\t\t\t\t\t\t\t\t\t\t\t<\/div>\n\t\t\t\t<\/div>\n\t\t\t\t\t<\/div>\n\t\t<\/div>\n\t\t\t\t\t<\/div>\n\t\t<\/section>\n\t\t\t\t<\/div>\n\t\t","protected":false},"excerpt":{"rendered":"<p>Sobre nuestra empresa P.M.E.T.&nbsp; fundada en 1993 ,es una empresa, ubicada en la ciudad de Tuxpan Jalisco, avalados con 25 a\u00f1os de experiencia, en la fabricaci\u00f3n de estructuras de metal, as\u00ed como de acero inoxidable. Es una empresa reconocida a nivel nacional por sus excelentes trabajos realizados a empresas de clase nacional. MISI\u00d3N Ofrecer al\u00a0mercado\u00a0\u00a0industrial\u00a0productos\u00a0y\u00a0servicios\u00a0decalidad, &hellip;<\/p>\n<p class=\"read-more\"> <a class=\"\" href=\"https:\/\/ciapmet.com\/index.php\/nosotros-2\/\"> <span class=\"screen-reader-text\">Nosotros<\/span> Leer m\u00e1s &raquo;<\/a><\/p>\n","protected":false},"author":1,"featured_media":0,"parent":0,"menu_order":0,"comment_status":"closed","ping_status":"closed","template":"","meta":{"footnotes":"","_joinchat":[]},"_links":{"self":[{"href":"https:\/\/ciapmet.com\/index.php\/wp-json\/wp\/v2\/pages\/56"}],"collection":[{"href":"https:\/\/ciapmet.com\/index.php\/wp-json\/wp\/v2\/pages"}],"about":[{"href":"https:\/\/ciapmet.com\/index.php\/wp-json\/wp\/v2\/types\/page"}],"author":[{"embeddable":true,"href":"https:\/\/ciapmet.com\/index.php\/wp-json\/wp\/v2\/users\/1"}],"replies":[{"embeddable":true,"href":"https:\/\/ciapmet.com\/index.php\/wp-json\/wp\/v2\/comments?post=56"}],"version-history":[{"count":21,"href":"https:\/\/ciapmet.com\/index.php\/wp-json\/wp\/v2\/pages\/56\/revisions"}],"predecessor-version":[{"id":425,"href":"https:\/\/ciapmet.com\/index.php\/wp-json\/wp\/v2\/pages\/56\/revisions\/425"}],"wp:attachment":[{"href":"https:\/\/ciapmet.com\/index.php\/wp-json\/wp\/v2\/media?parent=56"}],"curies":[{"name":"wp","href":"https:\/\/api.w.org\/{rel}","templated":true}]}}