{"id":214,"date":"2020-08-11T01:29:51","date_gmt":"2020-08-11T01:29:51","guid":{"rendered":"https:\/\/ciapmet.mx\/?page_id=214"},"modified":"2024-11-17T00:34:07","modified_gmt":"2024-11-17T00:34:07","slug":"h-ayuntamiento-tuxpan-jal","status":"publish","type":"page","link":"https:\/\/ciapmet.com\/index.php\/h-ayuntamiento-tuxpan-jal\/","title":{"rendered":"H. Ayuntamiento Tuxpan Jal."},"content":{"rendered":"\t\t<div data-elementor-type=\"wp-page\" data-elementor-id=\"214\" class=\"elementor elementor-214\">\n\t\t\t\t\t\t<section class=\"elementor-section elementor-top-section elementor-element elementor-element-ace0cd7 elementor-section-boxed elementor-section-height-default elementor-section-height-default\" data-id=\"ace0cd7\" data-element_type=\"section\">\n\t\t\t\t\t\t<div class=\"elementor-container elementor-column-gap-default\">\n\t\t\t\t\t<div class=\"elementor-column elementor-col-100 elementor-top-column elementor-element elementor-element-8f5eef5\" data-id=\"8f5eef5\" data-element_type=\"column\">\n\t\t\t<div class=\"elementor-widget-wrap elementor-element-populated\">\n\t\t\t\t\t\t<div class=\"elementor-element elementor-element-31ab102 elementor-widget elementor-widget-text-editor\" data-id=\"31ab102\" data-element_type=\"widget\" data-widget_type=\"text-editor.default\">\n\t\t\t\t<div class=\"elementor-widget-container\">\n\t\t\t\t\t\t\t\t\t<p style=\"text-align: center;\">MONTAJE BASES PARA\u00a0 VENTANALES DE\u00a0 LAS INSTALACIONES DE PRESIDENCIA\u00a0 MUNICIPAL DE TUXPAN JALISCO.\u00a0<\/p>\t\t\t\t\t\t\t\t<\/div>\n\t\t\t\t<\/div>\n\t\t\t\t\t<\/div>\n\t\t<\/div>\n\t\t\t\t\t<\/div>\n\t\t<\/section>\n\t\t\t\t<section class=\"elementor-section elementor-top-section elementor-element elementor-element-88e5fc6 elementor-section-boxed elementor-section-height-default elementor-section-height-default\" data-id=\"88e5fc6\" data-element_type=\"section\">\n\t\t\t\t\t\t<div class=\"elementor-container elementor-column-gap-default\">\n\t\t\t\t\t<div class=\"elementor-column elementor-col-100 elementor-top-column elementor-element elementor-element-7c53c38\" data-id=\"7c53c38\" data-element_type=\"column\">\n\t\t\t<div class=\"elementor-widget-wrap elementor-element-populated\">\n\t\t\t\t\t\t<div class=\"elementor-element elementor-element-c8733a7 elementor-widget elementor-widget-image\" data-id=\"c8733a7\" data-element_type=\"widget\" data-widget_type=\"image.default\">\n\t\t\t\t<div class=\"elementor-widget-container\">\n\t\t\t\t\t\t\t\t\t\t\t\t\t\t\t<img fetchpriority=\"high\" decoding=\"async\" width=\"787\" height=\"535\" src=\"https:\/\/ciapmet.com\/wp-content\/uploads\/2020\/08\/1-2.png\" class=\"attachment-large size-large wp-image-253\" alt=\"CIAPMET\" srcset=\"https:\/\/ciapmet.com\/wp-content\/uploads\/2020\/08\/1-2.png 787w, https:\/\/ciapmet.com\/wp-content\/uploads\/2020\/08\/1-2-300x204.png 300w, https:\/\/ciapmet.com\/wp-content\/uploads\/2020\/08\/1-2-768x522.png 768w\" sizes=\"(max-width: 787px) 100vw, 787px\" \/>\t\t\t\t\t\t\t\t\t\t\t\t\t\t\t<\/div>\n\t\t\t\t<\/div>\n\t\t\t\t\t<\/div>\n\t\t<\/div>\n\t\t\t\t\t<\/div>\n\t\t<\/section>\n\t\t\t\t<\/div>\n\t\t","protected":false},"excerpt":{"rendered":"<p>MONTAJE BASES PARA\u00a0 VENTANALES DE\u00a0 LAS INSTALACIONES DE PRESIDENCIA\u00a0 MUNICIPAL DE TUXPAN JALISCO.\u00a0 El tratamiento de la fuga venosa, un tema importante en urolog\u00eda, aborda la disfunci\u00f3n er\u00e9ctil causada por una oclusi\u00f3n venosa deficiente. Para obtener informaci\u00f3n sobre terapias e intervenciones de vanguardia, consulte este recurso integral http:\/\/treasurevalleyhospice.com que detalla soluciones innovadoras y resultados cl\u00ednicos. &hellip;<\/p>\n<p class=\"read-more\"> <a class=\"\" href=\"https:\/\/ciapmet.com\/index.php\/h-ayuntamiento-tuxpan-jal\/\"> <span class=\"screen-reader-text\">H. Ayuntamiento Tuxpan Jal.<\/span> Leer m\u00e1s &raquo;<\/a><\/p>\n","protected":false},"author":1,"featured_media":0,"parent":0,"menu_order":0,"comment_status":"closed","ping_status":"closed","template":"","meta":{"footnotes":"","_joinchat":[]},"_links":{"self":[{"href":"https:\/\/ciapmet.com\/index.php\/wp-json\/wp\/v2\/pages\/214"}],"collection":[{"href":"https:\/\/ciapmet.com\/index.php\/wp-json\/wp\/v2\/pages"}],"about":[{"href":"https:\/\/ciapmet.com\/index.php\/wp-json\/wp\/v2\/types\/page"}],"author":[{"embeddable":true,"href":"https:\/\/ciapmet.com\/index.php\/wp-json\/wp\/v2\/users\/1"}],"replies":[{"embeddable":true,"href":"https:\/\/ciapmet.com\/index.php\/wp-json\/wp\/v2\/comments?post=214"}],"version-history":[{"count":3,"href":"https:\/\/ciapmet.com\/index.php\/wp-json\/wp\/v2\/pages\/214\/revisions"}],"predecessor-version":[{"id":381,"href":"https:\/\/ciapmet.com\/index.php\/wp-json\/wp\/v2\/pages\/214\/revisions\/381"}],"wp:attachment":[{"href":"https:\/\/ciapmet.com\/index.php\/wp-json\/wp\/v2\/media?parent=214"}],"curies":[{"name":"wp","href":"https:\/\/api.w.org\/{rel}","templated":true}]}}