{"id":208,"date":"2020-08-11T01:29:51","date_gmt":"2020-08-11T01:29:51","guid":{"rendered":"https:\/\/ciapmet.mx\/?page_id=208"},"modified":"2020-08-20T01:34:59","modified_gmt":"2020-08-20T01:34:59","slug":"holcim-tecoman","status":"publish","type":"page","link":"https:\/\/ciapmet.com\/index.php\/holcim-tecoman\/","title":{"rendered":"Holcim Tecoman"},"content":{"rendered":"\t\t<div data-elementor-type=\"wp-page\" data-elementor-id=\"208\" class=\"elementor elementor-208\">\n\t\t\t\t\t\t<section class=\"elementor-section elementor-top-section elementor-element elementor-element-6a3c0c6 elementor-section-boxed elementor-section-height-default elementor-section-height-default\" data-id=\"6a3c0c6\" data-element_type=\"section\">\n\t\t\t\t\t\t<div class=\"elementor-container elementor-column-gap-default\">\n\t\t\t\t\t<div class=\"elementor-column elementor-col-100 elementor-top-column elementor-element elementor-element-e15b4b7\" data-id=\"e15b4b7\" data-element_type=\"column\">\n\t\t\t<div class=\"elementor-widget-wrap elementor-element-populated\">\n\t\t\t\t\t\t<div class=\"elementor-element elementor-element-6b604bc elementor-widget elementor-widget-image\" data-id=\"6b604bc\" data-element_type=\"widget\" data-widget_type=\"image.default\">\n\t\t\t\t<div class=\"elementor-widget-container\">\n\t\t\t\t\t\t\t\t\t\t\t\t\t\t\t<img fetchpriority=\"high\" decoding=\"async\" width=\"254\" height=\"198\" src=\"https:\/\/ciapmet.com\/wp-content\/uploads\/2020\/07\/HOLCIM.png\" class=\"attachment-large size-large wp-image-104\" alt=\"\" \/>\t\t\t\t\t\t\t\t\t\t\t\t\t\t\t<\/div>\n\t\t\t\t<\/div>\n\t\t\t\t\t<\/div>\n\t\t<\/div>\n\t\t\t\t\t<\/div>\n\t\t<\/section>\n\t\t\t\t<section class=\"elementor-section elementor-top-section elementor-element elementor-element-e88f1b5 elementor-section-boxed elementor-section-height-default elementor-section-height-default\" data-id=\"e88f1b5\" data-element_type=\"section\">\n\t\t\t\t\t\t<div class=\"elementor-container elementor-column-gap-default\">\n\t\t\t\t\t<div class=\"elementor-column elementor-col-100 elementor-top-column elementor-element elementor-element-4e53482\" data-id=\"4e53482\" data-element_type=\"column\">\n\t\t\t<div class=\"elementor-widget-wrap elementor-element-populated\">\n\t\t\t\t\t\t<div class=\"elementor-element elementor-element-a384780 elementor-widget elementor-widget-text-editor\" data-id=\"a384780\" data-element_type=\"widget\" data-widget_type=\"text-editor.default\">\n\t\t\t\t<div class=\"elementor-widget-container\">\n\t\t\t\t\t\t\t\t\t<h5 style=\"text-align: center;\"><strong>Elaboraci\u00f3n de ductos para aire caliente al molino de cemento y <\/strong><strong>soportes para instalaci\u00f3n de la misma.<\/strong><\/h5>\t\t\t\t\t\t\t\t<\/div>\n\t\t\t\t<\/div>\n\t\t\t\t\t<\/div>\n\t\t<\/div>\n\t\t\t\t\t<\/div>\n\t\t<\/section>\n\t\t\t\t<section class=\"elementor-section elementor-top-section elementor-element elementor-element-1e0ce9e elementor-section-boxed elementor-section-height-default elementor-section-height-default\" data-id=\"1e0ce9e\" data-element_type=\"section\">\n\t\t\t\t\t\t<div class=\"elementor-container elementor-column-gap-default\">\n\t\t\t\t\t<div class=\"elementor-column elementor-col-50 elementor-top-column elementor-element elementor-element-ec550ea\" data-id=\"ec550ea\" data-element_type=\"column\">\n\t\t\t<div class=\"elementor-widget-wrap elementor-element-populated\">\n\t\t\t\t\t\t<div class=\"elementor-element elementor-element-154847e elementor-widget elementor-widget-image\" data-id=\"154847e\" data-element_type=\"widget\" data-widget_type=\"image.default\">\n\t\t\t\t<div class=\"elementor-widget-container\">\n\t\t\t\t\t\t\t\t\t\t\t\t\t\t\t<img decoding=\"async\" width=\"631\" height=\"219\" src=\"https:\/\/ciapmet.com\/wp-content\/uploads\/2020\/08\/1-8.png\" class=\"attachment-large size-large wp-image-304\" alt=\"\" srcset=\"https:\/\/ciapmet.com\/wp-content\/uploads\/2020\/08\/1-8.png 631w, https:\/\/ciapmet.com\/wp-content\/uploads\/2020\/08\/1-8-300x104.png 300w\" sizes=\"(max-width: 631px) 100vw, 631px\" \/>\t\t\t\t\t\t\t\t\t\t\t\t\t\t\t<\/div>\n\t\t\t\t<\/div>\n\t\t\t\t\t<\/div>\n\t\t<\/div>\n\t\t\t\t<div class=\"elementor-column elementor-col-50 elementor-top-column elementor-element elementor-element-0cdd05f\" data-id=\"0cdd05f\" data-element_type=\"column\">\n\t\t\t<div class=\"elementor-widget-wrap elementor-element-populated\">\n\t\t\t\t\t\t<div class=\"elementor-element elementor-element-2eb12c6 elementor-widget elementor-widget-image\" data-id=\"2eb12c6\" data-element_type=\"widget\" data-widget_type=\"image.default\">\n\t\t\t\t<div class=\"elementor-widget-container\">\n\t\t\t\t\t\t\t\t\t\t\t\t\t\t\t<img decoding=\"async\" width=\"785\" height=\"236\" src=\"https:\/\/ciapmet.com\/wp-content\/uploads\/2020\/08\/2-6.png\" class=\"attachment-large size-large wp-image-305\" alt=\"CIAPMET\" srcset=\"https:\/\/ciapmet.com\/wp-content\/uploads\/2020\/08\/2-6.png 785w, https:\/\/ciapmet.com\/wp-content\/uploads\/2020\/08\/2-6-300x90.png 300w, https:\/\/ciapmet.com\/wp-content\/uploads\/2020\/08\/2-6-768x231.png 768w\" sizes=\"(max-width: 785px) 100vw, 785px\" \/>\t\t\t\t\t\t\t\t\t\t\t\t\t\t\t<\/div>\n\t\t\t\t<\/div>\n\t\t\t\t\t<\/div>\n\t\t<\/div>\n\t\t\t\t\t<\/div>\n\t\t<\/section>\n\t\t\t\t<section class=\"elementor-section elementor-top-section elementor-element elementor-element-8c33d27 elementor-section-boxed elementor-section-height-default elementor-section-height-default\" data-id=\"8c33d27\" data-element_type=\"section\">\n\t\t\t\t\t\t<div class=\"elementor-container elementor-column-gap-default\">\n\t\t\t\t\t<div class=\"elementor-column elementor-col-100 elementor-top-column elementor-element elementor-element-75e34a0\" data-id=\"75e34a0\" data-element_type=\"column\">\n\t\t\t<div class=\"elementor-widget-wrap elementor-element-populated\">\n\t\t\t\t\t\t<div class=\"elementor-element elementor-element-cdd07e6 elementor-widget elementor-widget-text-editor\" data-id=\"cdd07e6\" data-element_type=\"widget\" data-widget_type=\"text-editor.default\">\n\t\t\t\t<div class=\"elementor-widget-container\">\n\t\t\t\t\t\t\t\t\t<h5><strong>DUCTOS PARA AIRE CALIENTE AL MOLINO DE CEMENTO<\/strong><\/h5>\t\t\t\t\t\t\t\t<\/div>\n\t\t\t\t<\/div>\n\t\t\t\t\t<\/div>\n\t\t<\/div>\n\t\t\t\t\t<\/div>\n\t\t<\/section>\n\t\t\t\t<section class=\"elementor-section elementor-top-section elementor-element elementor-element-8ed32d8 elementor-section-boxed elementor-section-height-default elementor-section-height-default\" data-id=\"8ed32d8\" data-element_type=\"section\">\n\t\t\t\t\t\t<div class=\"elementor-container elementor-column-gap-default\">\n\t\t\t\t\t<div class=\"elementor-column elementor-col-50 elementor-top-column elementor-element elementor-element-9da7821\" data-id=\"9da7821\" data-element_type=\"column\">\n\t\t\t<div class=\"elementor-widget-wrap elementor-element-populated\">\n\t\t\t\t\t\t<div class=\"elementor-element elementor-element-32e9dd7 elementor-widget elementor-widget-image\" data-id=\"32e9dd7\" data-element_type=\"widget\" data-widget_type=\"image.default\">\n\t\t\t\t<div class=\"elementor-widget-container\">\n\t\t\t\t\t\t\t\t\t\t\t\t\t\t\t<img loading=\"lazy\" decoding=\"async\" width=\"608\" height=\"413\" src=\"https:\/\/ciapmet.com\/wp-content\/uploads\/2020\/08\/3-5.png\" class=\"attachment-large size-large wp-image-306\" alt=\"\" srcset=\"https:\/\/ciapmet.com\/wp-content\/uploads\/2020\/08\/3-5.png 608w, https:\/\/ciapmet.com\/wp-content\/uploads\/2020\/08\/3-5-300x204.png 300w\" sizes=\"(max-width: 608px) 100vw, 608px\" \/>\t\t\t\t\t\t\t\t\t\t\t\t\t\t\t<\/div>\n\t\t\t\t<\/div>\n\t\t\t\t\t<\/div>\n\t\t<\/div>\n\t\t\t\t<div class=\"elementor-column elementor-col-50 elementor-top-column elementor-element elementor-element-11e1980\" data-id=\"11e1980\" data-element_type=\"column\">\n\t\t\t<div class=\"elementor-widget-wrap elementor-element-populated\">\n\t\t\t\t\t\t<div class=\"elementor-element elementor-element-f5fbe75 elementor-widget elementor-widget-image\" data-id=\"f5fbe75\" data-element_type=\"widget\" data-widget_type=\"image.default\">\n\t\t\t\t<div class=\"elementor-widget-container\">\n\t\t\t\t\t\t\t\t\t\t\t\t\t\t\t<img loading=\"lazy\" decoding=\"async\" width=\"583\" height=\"406\" src=\"https:\/\/ciapmet.com\/wp-content\/uploads\/2020\/08\/4-5.png\" class=\"attachment-large size-large wp-image-307\" alt=\"\" srcset=\"https:\/\/ciapmet.com\/wp-content\/uploads\/2020\/08\/4-5.png 583w, https:\/\/ciapmet.com\/wp-content\/uploads\/2020\/08\/4-5-300x209.png 300w\" sizes=\"(max-width: 583px) 100vw, 583px\" \/>\t\t\t\t\t\t\t\t\t\t\t\t\t\t\t<\/div>\n\t\t\t\t<\/div>\n\t\t\t\t\t<\/div>\n\t\t<\/div>\n\t\t\t\t\t<\/div>\n\t\t<\/section>\n\t\t\t\t<section class=\"elementor-section elementor-top-section elementor-element elementor-element-ada0574 elementor-section-boxed elementor-section-height-default elementor-section-height-default\" data-id=\"ada0574\" data-element_type=\"section\">\n\t\t\t\t\t\t<div class=\"elementor-container elementor-column-gap-default\">\n\t\t\t\t\t<div class=\"elementor-column elementor-col-100 elementor-top-column elementor-element elementor-element-39b852c\" data-id=\"39b852c\" data-element_type=\"column\">\n\t\t\t<div class=\"elementor-widget-wrap elementor-element-populated\">\n\t\t\t\t\t\t<div class=\"elementor-element elementor-element-9bffaa1 elementor-widget elementor-widget-text-editor\" data-id=\"9bffaa1\" data-element_type=\"widget\" data-widget_type=\"text-editor.default\">\n\t\t\t\t<div class=\"elementor-widget-container\">\n\t\t\t\t\t\t\t\t\t<h5><strong>DUCTOS Y CONFINAMIENTO DE BANDA<\/strong><\/h5>\t\t\t\t\t\t\t\t<\/div>\n\t\t\t\t<\/div>\n\t\t\t\t\t<\/div>\n\t\t<\/div>\n\t\t\t\t\t<\/div>\n\t\t<\/section>\n\t\t\t\t<section class=\"elementor-section elementor-top-section elementor-element elementor-element-e8005da elementor-section-boxed elementor-section-height-default elementor-section-height-default\" data-id=\"e8005da\" data-element_type=\"section\">\n\t\t\t\t\t\t<div class=\"elementor-container elementor-column-gap-default\">\n\t\t\t\t\t<div class=\"elementor-column elementor-col-33 elementor-top-column elementor-element elementor-element-208c794\" data-id=\"208c794\" data-element_type=\"column\">\n\t\t\t<div class=\"elementor-widget-wrap elementor-element-populated\">\n\t\t\t\t\t\t<div class=\"elementor-element elementor-element-919b724 elementor-widget elementor-widget-image\" data-id=\"919b724\" data-element_type=\"widget\" data-widget_type=\"image.default\">\n\t\t\t\t<div class=\"elementor-widget-container\">\n\t\t\t\t\t\t\t\t\t\t\t\t\t\t\t<img loading=\"lazy\" decoding=\"async\" width=\"595\" height=\"307\" src=\"https:\/\/ciapmet.com\/wp-content\/uploads\/2020\/08\/5-5.png\" class=\"attachment-large size-large wp-image-309\" alt=\"\" srcset=\"https:\/\/ciapmet.com\/wp-content\/uploads\/2020\/08\/5-5.png 595w, https:\/\/ciapmet.com\/wp-content\/uploads\/2020\/08\/5-5-300x155.png 300w\" sizes=\"(max-width: 595px) 100vw, 595px\" \/>\t\t\t\t\t\t\t\t\t\t\t\t\t\t\t<\/div>\n\t\t\t\t<\/div>\n\t\t\t\t\t<\/div>\n\t\t<\/div>\n\t\t\t\t<div class=\"elementor-column elementor-col-33 elementor-top-column elementor-element elementor-element-7c116b6\" data-id=\"7c116b6\" data-element_type=\"column\">\n\t\t\t<div class=\"elementor-widget-wrap elementor-element-populated\">\n\t\t\t\t\t\t<div class=\"elementor-element elementor-element-90092b5 elementor-widget elementor-widget-image\" data-id=\"90092b5\" data-element_type=\"widget\" data-widget_type=\"image.default\">\n\t\t\t\t<div class=\"elementor-widget-container\">\n\t\t\t\t\t\t\t\t\t\t\t\t\t\t\t<img loading=\"lazy\" decoding=\"async\" width=\"465\" height=\"245\" src=\"https:\/\/ciapmet.com\/wp-content\/uploads\/2020\/08\/7-3.png\" class=\"attachment-large size-large wp-image-310\" alt=\"CIAPMET\" srcset=\"https:\/\/ciapmet.com\/wp-content\/uploads\/2020\/08\/7-3.png 465w, https:\/\/ciapmet.com\/wp-content\/uploads\/2020\/08\/7-3-300x158.png 300w\" sizes=\"(max-width: 465px) 100vw, 465px\" \/>\t\t\t\t\t\t\t\t\t\t\t\t\t\t\t<\/div>\n\t\t\t\t<\/div>\n\t\t\t\t\t<\/div>\n\t\t<\/div>\n\t\t\t\t<div class=\"elementor-column elementor-col-33 elementor-top-column elementor-element elementor-element-c9bbeb2\" data-id=\"c9bbeb2\" data-element_type=\"column\">\n\t\t\t<div class=\"elementor-widget-wrap elementor-element-populated\">\n\t\t\t\t\t\t<div class=\"elementor-element elementor-element-11edaa1 elementor-widget elementor-widget-image\" data-id=\"11edaa1\" data-element_type=\"widget\" data-widget_type=\"image.default\">\n\t\t\t\t<div class=\"elementor-widget-container\">\n\t\t\t\t\t\t\t\t\t\t\t\t\t\t\t<img loading=\"lazy\" decoding=\"async\" width=\"602\" height=\"453\" src=\"https:\/\/ciapmet.com\/wp-content\/uploads\/2020\/08\/6-5.png\" class=\"attachment-large size-large wp-image-311\" alt=\"CIAPMET\" srcset=\"https:\/\/ciapmet.com\/wp-content\/uploads\/2020\/08\/6-5.png 602w, https:\/\/ciapmet.com\/wp-content\/uploads\/2020\/08\/6-5-300x226.png 300w\" sizes=\"(max-width: 602px) 100vw, 602px\" \/>\t\t\t\t\t\t\t\t\t\t\t\t\t\t\t<\/div>\n\t\t\t\t<\/div>\n\t\t\t\t\t<\/div>\n\t\t<\/div>\n\t\t\t\t\t<\/div>\n\t\t<\/section>\n\t\t\t\t<section class=\"elementor-section elementor-top-section elementor-element elementor-element-b82176c elementor-section-boxed elementor-section-height-default elementor-section-height-default\" data-id=\"b82176c\" data-element_type=\"section\">\n\t\t\t\t\t\t<div class=\"elementor-container elementor-column-gap-default\">\n\t\t\t\t\t<div class=\"elementor-column elementor-col-100 elementor-top-column elementor-element elementor-element-ce0c465\" data-id=\"ce0c465\" data-element_type=\"column\">\n\t\t\t<div class=\"elementor-widget-wrap elementor-element-populated\">\n\t\t\t\t\t\t<div class=\"elementor-element elementor-element-5453674 elementor-widget elementor-widget-text-editor\" data-id=\"5453674\" data-element_type=\"widget\" data-widget_type=\"text-editor.default\">\n\t\t\t\t<div class=\"elementor-widget-container\">\n\t\t\t\t\t\t\t\t\t<h5><strong>ELABORACI\u00d3N DE DUCTERIA PARA PLANTA HOLCIM APASCO TECOM\u00c1N<\/strong><\/h5>\t\t\t\t\t\t\t\t<\/div>\n\t\t\t\t<\/div>\n\t\t\t\t\t<\/div>\n\t\t<\/div>\n\t\t\t\t\t<\/div>\n\t\t<\/section>\n\t\t\t\t<section class=\"elementor-section elementor-top-section elementor-element elementor-element-6bbced3 elementor-section-boxed elementor-section-height-default elementor-section-height-default\" data-id=\"6bbced3\" data-element_type=\"section\">\n\t\t\t\t\t\t<div class=\"elementor-container elementor-column-gap-default\">\n\t\t\t\t\t<div class=\"elementor-column elementor-col-100 elementor-top-column elementor-element elementor-element-71ee404\" data-id=\"71ee404\" data-element_type=\"column\">\n\t\t\t<div class=\"elementor-widget-wrap elementor-element-populated\">\n\t\t\t\t\t\t<div class=\"elementor-element elementor-element-8169c51 elementor-widget elementor-widget-image\" data-id=\"8169c51\" data-element_type=\"widget\" data-widget_type=\"image.default\">\n\t\t\t\t<div class=\"elementor-widget-container\">\n\t\t\t\t\t\t\t\t\t\t\t\t\t\t\t<img loading=\"lazy\" decoding=\"async\" width=\"562\" height=\"424\" src=\"https:\/\/ciapmet.com\/wp-content\/uploads\/2020\/08\/8-3.png\" class=\"attachment-large size-large wp-image-312\" alt=\"CIAPMET\" srcset=\"https:\/\/ciapmet.com\/wp-content\/uploads\/2020\/08\/8-3.png 562w, https:\/\/ciapmet.com\/wp-content\/uploads\/2020\/08\/8-3-300x226.png 300w\" sizes=\"(max-width: 562px) 100vw, 562px\" \/>\t\t\t\t\t\t\t\t\t\t\t\t\t\t\t<\/div>\n\t\t\t\t<\/div>\n\t\t\t\t\t<\/div>\n\t\t<\/div>\n\t\t\t\t\t<\/div>\n\t\t<\/section>\n\t\t\t\t<section class=\"elementor-section elementor-top-section elementor-element elementor-element-936cbf8 elementor-section-boxed elementor-section-height-default elementor-section-height-default\" data-id=\"936cbf8\" data-element_type=\"section\">\n\t\t\t\t\t\t<div class=\"elementor-container elementor-column-gap-default\">\n\t\t\t\t\t<div class=\"elementor-column elementor-col-100 elementor-top-column elementor-element elementor-element-cb630ab\" data-id=\"cb630ab\" data-element_type=\"column\">\n\t\t\t<div class=\"elementor-widget-wrap elementor-element-populated\">\n\t\t\t\t\t\t<div class=\"elementor-element elementor-element-3f3d34c elementor-widget elementor-widget-text-editor\" data-id=\"3f3d34c\" data-element_type=\"widget\" data-widget_type=\"text-editor.default\">\n\t\t\t\t<div class=\"elementor-widget-container\">\n\t\t\t\t\t\t\t\t\t<h5 style=\"text-align: left;\"><strong>Soportes para banda met\u00e1lica en \u00e1rea de caliza.<\/strong><\/h5>\t\t\t\t\t\t\t\t<\/div>\n\t\t\t\t<\/div>\n\t\t\t\t\t<\/div>\n\t\t<\/div>\n\t\t\t\t\t<\/div>\n\t\t<\/section>\n\t\t\t\t<section class=\"elementor-section elementor-top-section elementor-element elementor-element-3b0faf8 elementor-section-boxed elementor-section-height-default elementor-section-height-default\" data-id=\"3b0faf8\" data-element_type=\"section\">\n\t\t\t\t\t\t<div class=\"elementor-container elementor-column-gap-default\">\n\t\t\t\t\t<div class=\"elementor-column elementor-col-100 elementor-top-column elementor-element elementor-element-4b940c9\" data-id=\"4b940c9\" data-element_type=\"column\">\n\t\t\t<div class=\"elementor-widget-wrap elementor-element-populated\">\n\t\t\t\t\t\t<div class=\"elementor-element elementor-element-35d75c8 elementor-widget elementor-widget-image\" data-id=\"35d75c8\" data-element_type=\"widget\" data-widget_type=\"image.default\">\n\t\t\t\t<div class=\"elementor-widget-container\">\n\t\t\t\t\t\t\t\t\t\t\t\t\t\t\t<img loading=\"lazy\" decoding=\"async\" width=\"559\" height=\"282\" src=\"https:\/\/ciapmet.com\/wp-content\/uploads\/2020\/08\/9-3.png\" class=\"attachment-large size-large wp-image-313\" alt=\"CIAPMET\" srcset=\"https:\/\/ciapmet.com\/wp-content\/uploads\/2020\/08\/9-3.png 559w, https:\/\/ciapmet.com\/wp-content\/uploads\/2020\/08\/9-3-300x151.png 300w\" sizes=\"(max-width: 559px) 100vw, 559px\" \/>\t\t\t\t\t\t\t\t\t\t\t\t\t\t\t<\/div>\n\t\t\t\t<\/div>\n\t\t\t\t\t<\/div>\n\t\t<\/div>\n\t\t\t\t\t<\/div>\n\t\t<\/section>\n\t\t\t\t<\/div>\n\t\t","protected":false},"excerpt":{"rendered":"<p>Elaboraci\u00f3n de ductos para aire caliente al molino de cemento y soportes para instalaci\u00f3n de la misma. DUCTOS PARA AIRE CALIENTE AL MOLINO DE CEMENTO DUCTOS Y CONFINAMIENTO DE BANDA ELABORACI\u00d3N DE DUCTERIA PARA PLANTA HOLCIM APASCO TECOM\u00c1N Soportes para banda met\u00e1lica en \u00e1rea de caliza.<\/p>\n","protected":false},"author":1,"featured_media":0,"parent":0,"menu_order":0,"comment_status":"closed","ping_status":"closed","template":"","meta":{"footnotes":"","_joinchat":[]},"_links":{"self":[{"href":"https:\/\/ciapmet.com\/index.php\/wp-json\/wp\/v2\/pages\/208"}],"collection":[{"href":"https:\/\/ciapmet.com\/index.php\/wp-json\/wp\/v2\/pages"}],"about":[{"href":"https:\/\/ciapmet.com\/index.php\/wp-json\/wp\/v2\/types\/page"}],"author":[{"embeddable":true,"href":"https:\/\/ciapmet.com\/index.php\/wp-json\/wp\/v2\/users\/1"}],"replies":[{"embeddable":true,"href":"https:\/\/ciapmet.com\/index.php\/wp-json\/wp\/v2\/comments?post=208"}],"version-history":[{"count":3,"href":"https:\/\/ciapmet.com\/index.php\/wp-json\/wp\/v2\/pages\/208\/revisions"}],"predecessor-version":[{"id":315,"href":"https:\/\/ciapmet.com\/index.php\/wp-json\/wp\/v2\/pages\/208\/revisions\/315"}],"wp:attachment":[{"href":"https:\/\/ciapmet.com\/index.php\/wp-json\/wp\/v2\/media?parent=208"}],"curies":[{"name":"wp","href":"https:\/\/api.w.org\/{rel}","templated":true}]}}