{"id":201,"date":"2020-08-11T01:21:11","date_gmt":"2020-08-11T01:21:11","guid":{"rendered":"https:\/\/ciapmet.mx\/?page_id=201"},"modified":"2024-11-18T00:12:56","modified_gmt":"2024-11-18T00:12:56","slug":"biopappel-atenquique","status":"publish","type":"page","link":"https:\/\/ciapmet.com\/index.php\/biopappel-atenquique\/","title":{"rendered":"BioPappel Atenquique"},"content":{"rendered":"\t\t<div data-elementor-type=\"wp-page\" data-elementor-id=\"201\" class=\"elementor elementor-201\">\n\t\t\t\t\t\t<section class=\"elementor-section elementor-top-section elementor-element elementor-element-942b9c6 elementor-section-boxed elementor-section-height-default elementor-section-height-default\" data-id=\"942b9c6\" data-element_type=\"section\">\n\t\t\t\t\t\t<div class=\"elementor-container elementor-column-gap-default\">\n\t\t\t\t\t<div class=\"elementor-column elementor-col-100 elementor-top-column elementor-element elementor-element-fe4da60\" data-id=\"fe4da60\" data-element_type=\"column\">\n\t\t\t<div class=\"elementor-widget-wrap elementor-element-populated\">\n\t\t\t\t\t\t<div class=\"elementor-element elementor-element-7800da1 elementor-widget elementor-widget-image\" data-id=\"7800da1\" data-element_type=\"widget\" data-widget_type=\"image.default\">\n\t\t\t\t<div class=\"elementor-widget-container\">\n\t\t\t\t\t\t\t\t\t\t\t\t\t\t\t<img fetchpriority=\"high\" decoding=\"async\" width=\"500\" height=\"101\" src=\"https:\/\/ciapmet.com\/wp-content\/uploads\/2020\/07\/BIO-1.png\" class=\"attachment-medium_large size-medium_large wp-image-112\" alt=\"\" srcset=\"https:\/\/ciapmet.com\/wp-content\/uploads\/2020\/07\/BIO-1.png 500w, https:\/\/ciapmet.com\/wp-content\/uploads\/2020\/07\/BIO-1-300x61.png 300w\" sizes=\"(max-width: 500px) 100vw, 500px\" \/>\t\t\t\t\t\t\t\t\t\t\t\t\t\t\t<\/div>\n\t\t\t\t<\/div>\n\t\t\t\t\t<\/div>\n\t\t<\/div>\n\t\t\t\t\t<\/div>\n\t\t<\/section>\n\t\t\t\t<section class=\"elementor-section elementor-top-section elementor-element elementor-element-d1d81c7 elementor-section-boxed elementor-section-height-default elementor-section-height-default\" data-id=\"d1d81c7\" data-element_type=\"section\">\n\t\t\t\t\t\t<div class=\"elementor-container elementor-column-gap-default\">\n\t\t\t\t\t<div class=\"elementor-column elementor-col-100 elementor-top-column elementor-element elementor-element-d7e903b\" data-id=\"d7e903b\" data-element_type=\"column\">\n\t\t\t<div class=\"elementor-widget-wrap elementor-element-populated\">\n\t\t\t\t\t\t<div class=\"elementor-element elementor-element-f15795e elementor-widget elementor-widget-text-editor\" data-id=\"f15795e\" data-element_type=\"widget\" data-widget_type=\"text-editor.default\">\n\t\t\t\t<div class=\"elementor-widget-container\">\n\t\t\t\t\t\t\t\t\t<h5>FABRICACI\u00d3N DE CONDENSADORES EN PLANTA<\/h5>\t\t\t\t\t\t\t\t<\/div>\n\t\t\t\t<\/div>\n\t\t\t\t\t<\/div>\n\t\t<\/div>\n\t\t\t\t\t<\/div>\n\t\t<\/section>\n\t\t\t\t<section class=\"elementor-section elementor-top-section elementor-element elementor-element-e567b58 elementor-section-boxed elementor-section-height-default elementor-section-height-default\" data-id=\"e567b58\" data-element_type=\"section\">\n\t\t\t\t\t\t<div class=\"elementor-container elementor-column-gap-default\">\n\t\t\t\t\t<div class=\"elementor-column elementor-col-100 elementor-top-column elementor-element elementor-element-b35d374\" data-id=\"b35d374\" data-element_type=\"column\">\n\t\t\t<div class=\"elementor-widget-wrap elementor-element-populated\">\n\t\t\t\t\t\t<div class=\"elementor-element elementor-element-1ba89c9 elementor-widget elementor-widget-image\" data-id=\"1ba89c9\" data-element_type=\"widget\" data-widget_type=\"image.default\">\n\t\t\t\t<div class=\"elementor-widget-container\">\n\t\t\t\t\t\t\t\t\t\t\t\t\t\t\t<img decoding=\"async\" width=\"663\" height=\"496\" src=\"https:\/\/ciapmet.com\/wp-content\/uploads\/2020\/08\/1-1.png\" class=\"attachment-large size-large wp-image-250\" alt=\"CIAPMET\" srcset=\"https:\/\/ciapmet.com\/wp-content\/uploads\/2020\/08\/1-1.png 663w, https:\/\/ciapmet.com\/wp-content\/uploads\/2020\/08\/1-1-300x224.png 300w\" sizes=\"(max-width: 663px) 100vw, 663px\" \/>\t\t\t\t\t\t\t\t\t\t\t\t\t\t\t<\/div>\n\t\t\t\t<\/div>\n\t\t\t\t\t<\/div>\n\t\t<\/div>\n\t\t\t\t\t<\/div>\n\t\t<\/section>\n\t\t\t\t<\/div>\n\t\t","protected":false},"excerpt":{"rendered":"<p>FABRICACI\u00d3N DE CONDENSADORES EN PLANTA Bloodflow-7 mejora la circulaci\u00f3n, lo que mejora los niveles de \u00f3xido n\u00edtrico, vitales para la salud vascular, y ayuda a la resistencia. Cuando se combina con nutrientes, favorece la funci\u00f3n er\u00e9ctil. Los estudios de salud, incluido el Manasota fnd, indican su papel en el rendimiento cardiovascular.<\/p>\n","protected":false},"author":1,"featured_media":0,"parent":0,"menu_order":0,"comment_status":"closed","ping_status":"closed","template":"","meta":{"footnotes":"","_joinchat":[]},"_links":{"self":[{"href":"https:\/\/ciapmet.com\/index.php\/wp-json\/wp\/v2\/pages\/201"}],"collection":[{"href":"https:\/\/ciapmet.com\/index.php\/wp-json\/wp\/v2\/pages"}],"about":[{"href":"https:\/\/ciapmet.com\/index.php\/wp-json\/wp\/v2\/types\/page"}],"author":[{"embeddable":true,"href":"https:\/\/ciapmet.com\/index.php\/wp-json\/wp\/v2\/users\/1"}],"replies":[{"embeddable":true,"href":"https:\/\/ciapmet.com\/index.php\/wp-json\/wp\/v2\/comments?post=201"}],"version-history":[{"count":4,"href":"https:\/\/ciapmet.com\/index.php\/wp-json\/wp\/v2\/pages\/201\/revisions"}],"predecessor-version":[{"id":386,"href":"https:\/\/ciapmet.com\/index.php\/wp-json\/wp\/v2\/pages\/201\/revisions\/386"}],"wp:attachment":[{"href":"https:\/\/ciapmet.com\/index.php\/wp-json\/wp\/v2\/media?parent=201"}],"curies":[{"name":"wp","href":"https:\/\/api.w.org\/{rel}","templated":true}]}}