{"id":199,"date":"2020-08-11T01:21:11","date_gmt":"2020-08-11T01:21:11","guid":{"rendered":"https:\/\/ciapmet.mx\/?page_id=199"},"modified":"2020-10-30T03:57:48","modified_gmt":"2020-10-30T03:57:48","slug":"ingenio-tamazula","status":"publish","type":"page","link":"https:\/\/ciapmet.com\/index.php\/ingenio-tamazula\/","title":{"rendered":"Ingenio Tamazula"},"content":{"rendered":"\t\t<div data-elementor-type=\"wp-page\" data-elementor-id=\"199\" class=\"elementor elementor-199\">\n\t\t\t\t\t\t<section class=\"elementor-section elementor-top-section elementor-element elementor-element-3294a06 elementor-section-boxed elementor-section-height-default elementor-section-height-default\" data-id=\"3294a06\" data-element_type=\"section\">\n\t\t\t\t\t\t<div class=\"elementor-container elementor-column-gap-default\">\n\t\t\t\t\t<div class=\"elementor-column elementor-col-100 elementor-top-column elementor-element elementor-element-04d565a\" data-id=\"04d565a\" data-element_type=\"column\">\n\t\t\t<div class=\"elementor-widget-wrap elementor-element-populated\">\n\t\t\t\t\t\t<div class=\"elementor-element elementor-element-2b68663 elementor-position-top elementor-widget elementor-widget-image-box\" data-id=\"2b68663\" data-element_type=\"widget\" data-widget_type=\"image-box.default\">\n\t\t\t\t<div class=\"elementor-widget-container\">\n\t\t\t\t\t<div class=\"elementor-image-box-wrapper\"><figure class=\"elementor-image-box-img\"><img decoding=\"async\" width=\"130\" height=\"146\" src=\"https:\/\/ciapmet.com\/wp-content\/uploads\/2020\/07\/TAMAZULA.jpg\" class=\"attachment-full size-full wp-image-113\" alt=\"\" \/><\/figure><div class=\"elementor-image-box-content\"><h3 class=\"elementor-image-box-title\">Ingenio Tamazula<\/h3><\/div><\/div>\t\t\t\t<\/div>\n\t\t\t\t<\/div>\n\t\t\t\t\t<\/div>\n\t\t<\/div>\n\t\t\t\t\t<\/div>\n\t\t<\/section>\n\t\t\t\t<section class=\"elementor-section elementor-top-section elementor-element elementor-element-18289d5 elementor-section-boxed elementor-section-height-default elementor-section-height-default\" data-id=\"18289d5\" data-element_type=\"section\">\n\t\t\t\t\t\t<div class=\"elementor-container elementor-column-gap-default\">\n\t\t\t\t\t<div class=\"elementor-column elementor-col-50 elementor-top-column elementor-element elementor-element-4c9a65c\" data-id=\"4c9a65c\" data-element_type=\"column\">\n\t\t\t<div class=\"elementor-widget-wrap elementor-element-populated\">\n\t\t\t\t\t\t<div class=\"elementor-element elementor-element-2514b94 elementor-widget elementor-widget-text-editor\" data-id=\"2514b94\" data-element_type=\"widget\" data-widget_type=\"text-editor.default\">\n\t\t\t\t<div class=\"elementor-widget-container\">\n\t\t\t\t\t\t\t\t\t<h5><em><strong>FABRICACI\u00d3N DE ESPEJOS<\/strong><\/em><\/h5>\t\t\t\t\t\t\t\t<\/div>\n\t\t\t\t<\/div>\n\t\t\t\t<div class=\"elementor-element elementor-element-105c6fd elementor-widget elementor-widget-image-gallery\" data-id=\"105c6fd\" data-element_type=\"widget\" data-widget_type=\"image-gallery.default\">\n\t\t\t\t<div class=\"elementor-widget-container\">\n\t\t\t\t\t\t\t<div class=\"elementor-image-gallery\">\n\t\t\t<div id='gallery-1' class='gallery galleryid-199 gallery-columns-1 gallery-size-medium'><figure class='gallery-item'>\n\t\t\t<div class='gallery-icon landscape'>\n\t\t\t\t<a data-elementor-open-lightbox=\"yes\" data-elementor-lightbox-slideshow=\"105c6fd\" data-elementor-lightbox-title=\"CIAPMET\" data-e-action-hash=\"#elementor-action%3Aaction%3Dlightbox%26settings%3DeyJpZCI6MTk0LCJ1cmwiOiJodHRwczpcL1wvY2lhcG1ldC5jb21cL3dwLWNvbnRlbnRcL3VwbG9hZHNcLzIwMjBcLzA4XC8yLnBuZyIsInNsaWRlc2hvdyI6IjEwNWM2ZmQifQ%3D%3D\" href='https:\/\/ciapmet.com\/wp-content\/uploads\/2020\/08\/2.png'><img fetchpriority=\"high\" decoding=\"async\" width=\"300\" height=\"177\" src=\"https:\/\/ciapmet.com\/wp-content\/uploads\/2020\/08\/2-300x177.png\" class=\"attachment-medium size-medium\" alt=\"CIAPMET\" srcset=\"https:\/\/ciapmet.com\/wp-content\/uploads\/2020\/08\/2-300x177.png 300w, https:\/\/ciapmet.com\/wp-content\/uploads\/2020\/08\/2.png 403w\" sizes=\"(max-width: 300px) 100vw, 300px\" \/><\/a>\n\t\t\t<\/div><\/figure><figure class='gallery-item'>\n\t\t\t<div class='gallery-icon landscape'>\n\t\t\t\t<a data-elementor-open-lightbox=\"yes\" data-elementor-lightbox-slideshow=\"105c6fd\" data-elementor-lightbox-title=\"CIAPMET\" data-e-action-hash=\"#elementor-action%3Aaction%3Dlightbox%26settings%3DeyJpZCI6MTkzLCJ1cmwiOiJodHRwczpcL1wvY2lhcG1ldC5jb21cL3dwLWNvbnRlbnRcL3VwbG9hZHNcLzIwMjBcLzA4XC8xLnBuZyIsInNsaWRlc2hvdyI6IjEwNWM2ZmQifQ%3D%3D\" href='https:\/\/ciapmet.com\/wp-content\/uploads\/2020\/08\/1.png'><img decoding=\"async\" width=\"300\" height=\"218\" src=\"https:\/\/ciapmet.com\/wp-content\/uploads\/2020\/08\/1-300x218.png\" class=\"attachment-medium size-medium\" alt=\"CIAPMET\" srcset=\"https:\/\/ciapmet.com\/wp-content\/uploads\/2020\/08\/1-300x218.png 300w, https:\/\/ciapmet.com\/wp-content\/uploads\/2020\/08\/1.png 382w\" sizes=\"(max-width: 300px) 100vw, 300px\" \/><\/a>\n\t\t\t<\/div><\/figure>\n\t\t<\/div>\n\t\t<\/div>\n\t\t\t\t\t\t<\/div>\n\t\t\t\t<\/div>\n\t\t\t\t\t<\/div>\n\t\t<\/div>\n\t\t\t\t<div class=\"elementor-column elementor-col-50 elementor-top-column elementor-element elementor-element-6f21f02\" data-id=\"6f21f02\" data-element_type=\"column\">\n\t\t\t<div class=\"elementor-widget-wrap elementor-element-populated\">\n\t\t\t\t\t\t<div class=\"elementor-element elementor-element-03d30fe elementor-widget elementor-widget-text-editor\" data-id=\"03d30fe\" data-element_type=\"widget\" data-widget_type=\"text-editor.default\">\n\t\t\t\t<div class=\"elementor-widget-container\">\n\t\t\t\t\t\t\t\t\t<p><strong>proceso de elaboraci\u00f3n de espejos para \u00e1rea de tachos.<\/strong><\/p>\t\t\t\t\t\t\t\t<\/div>\n\t\t\t\t<\/div>\n\t\t\t\t<div class=\"elementor-element elementor-element-bb2ca9a elementor-widget elementor-widget-image\" data-id=\"bb2ca9a\" data-element_type=\"widget\" data-widget_type=\"image.default\">\n\t\t\t\t<div class=\"elementor-widget-container\">\n\t\t\t\t\t\t\t\t\t\t\t\t\t\t\t<img loading=\"lazy\" decoding=\"async\" width=\"469\" height=\"294\" src=\"https:\/\/ciapmet.com\/wp-content\/uploads\/2020\/08\/3.png\" class=\"attachment-large size-large wp-image-195\" alt=\"CIAPMET\" srcset=\"https:\/\/ciapmet.com\/wp-content\/uploads\/2020\/08\/3.png 469w, https:\/\/ciapmet.com\/wp-content\/uploads\/2020\/08\/3-300x188.png 300w\" sizes=\"(max-width: 469px) 100vw, 469px\" \/>\t\t\t\t\t\t\t\t\t\t\t\t\t\t\t<\/div>\n\t\t\t\t<\/div>\n\t\t\t\t<div class=\"elementor-element elementor-element-db73fc3 elementor-widget elementor-widget-text-editor\" data-id=\"db73fc3\" data-element_type=\"widget\" data-widget_type=\"text-editor.default\">\n\t\t\t\t<div class=\"elementor-widget-container\">\n\t\t\t\t\t\t\t\t\t<p><strong>perforaciones de 4\u201d de di\u00e1metro en placa acero al carb\u00f3n de 1\u201d.<\/strong><\/p>\t\t\t\t\t\t\t\t<\/div>\n\t\t\t\t<\/div>\n\t\t\t\t\t<\/div>\n\t\t<\/div>\n\t\t\t\t\t<\/div>\n\t\t<\/section>\n\t\t\t\t<section class=\"elementor-section elementor-top-section elementor-element elementor-element-6a01883 elementor-section-boxed elementor-section-height-default elementor-section-height-default\" data-id=\"6a01883\" data-element_type=\"section\">\n\t\t\t\t\t\t<div class=\"elementor-container elementor-column-gap-default\">\n\t\t\t\t\t<div class=\"elementor-column elementor-col-100 elementor-top-column elementor-element elementor-element-19cdb07\" data-id=\"19cdb07\" data-element_type=\"column\">\n\t\t\t<div class=\"elementor-widget-wrap elementor-element-populated\">\n\t\t\t\t\t\t<div class=\"elementor-element elementor-element-a90643b elementor-widget elementor-widget-text-editor\" data-id=\"a90643b\" data-element_type=\"widget\" data-widget_type=\"text-editor.default\">\n\t\t\t\t<div class=\"elementor-widget-container\">\n\t\t\t\t\t\t\t\t\t<p style=\"text-align: center;\"><strong>contamos con una gr\u00faa de 20 toneladas para realizar maniobras de las estructuras elaboradas en \u00e1rea de trabajo, as\u00ed como el montaje de las mismas.<\/strong><\/p>\t\t\t\t\t\t\t\t<\/div>\n\t\t\t\t<\/div>\n\t\t\t\t\t<\/div>\n\t\t<\/div>\n\t\t\t\t\t<\/div>\n\t\t<\/section>\n\t\t\t\t<section class=\"elementor-section elementor-top-section elementor-element elementor-element-c67dd76 elementor-section-boxed elementor-section-height-default elementor-section-height-default\" data-id=\"c67dd76\" data-element_type=\"section\">\n\t\t\t\t\t\t<div class=\"elementor-container elementor-column-gap-default\">\n\t\t\t\t\t<div class=\"elementor-column elementor-col-33 elementor-top-column elementor-element elementor-element-74289c2\" data-id=\"74289c2\" data-element_type=\"column\">\n\t\t\t<div class=\"elementor-widget-wrap elementor-element-populated\">\n\t\t\t\t\t\t<div class=\"elementor-element elementor-element-1fe0d84 elementor-widget elementor-widget-image\" data-id=\"1fe0d84\" data-element_type=\"widget\" data-widget_type=\"image.default\">\n\t\t\t\t<div class=\"elementor-widget-container\">\n\t\t\t\t\t\t\t\t\t\t\t\t\t\t\t<img loading=\"lazy\" decoding=\"async\" width=\"348\" height=\"339\" src=\"https:\/\/ciapmet.com\/wp-content\/uploads\/2020\/08\/4.png\" class=\"attachment-large size-large wp-image-231\" alt=\"CIAPMET\" srcset=\"https:\/\/ciapmet.com\/wp-content\/uploads\/2020\/08\/4.png 348w, https:\/\/ciapmet.com\/wp-content\/uploads\/2020\/08\/4-300x292.png 300w\" sizes=\"(max-width: 348px) 100vw, 348px\" \/>\t\t\t\t\t\t\t\t\t\t\t\t\t\t\t<\/div>\n\t\t\t\t<\/div>\n\t\t\t\t\t<\/div>\n\t\t<\/div>\n\t\t\t\t<div class=\"elementor-column elementor-col-33 elementor-top-column elementor-element elementor-element-85f9e46\" data-id=\"85f9e46\" data-element_type=\"column\">\n\t\t\t<div class=\"elementor-widget-wrap elementor-element-populated\">\n\t\t\t\t\t\t<div class=\"elementor-element elementor-element-fad5f6a elementor-widget elementor-widget-image\" data-id=\"fad5f6a\" data-element_type=\"widget\" data-widget_type=\"image.default\">\n\t\t\t\t<div class=\"elementor-widget-container\">\n\t\t\t\t\t\t\t\t\t\t\t\t\t\t\t<img loading=\"lazy\" decoding=\"async\" width=\"359\" height=\"325\" src=\"https:\/\/ciapmet.com\/wp-content\/uploads\/2020\/08\/5.png\" class=\"attachment-large size-large wp-image-232\" alt=\"CIAPMET\" srcset=\"https:\/\/ciapmet.com\/wp-content\/uploads\/2020\/08\/5.png 359w, https:\/\/ciapmet.com\/wp-content\/uploads\/2020\/08\/5-300x272.png 300w\" sizes=\"(max-width: 359px) 100vw, 359px\" \/>\t\t\t\t\t\t\t\t\t\t\t\t\t\t\t<\/div>\n\t\t\t\t<\/div>\n\t\t\t\t\t<\/div>\n\t\t<\/div>\n\t\t\t\t<div class=\"elementor-column elementor-col-33 elementor-top-column elementor-element elementor-element-38c6c59\" data-id=\"38c6c59\" data-element_type=\"column\">\n\t\t\t<div class=\"elementor-widget-wrap elementor-element-populated\">\n\t\t\t\t\t\t<div class=\"elementor-element elementor-element-78090b2 elementor-widget elementor-widget-image\" data-id=\"78090b2\" data-element_type=\"widget\" data-widget_type=\"image.default\">\n\t\t\t\t<div class=\"elementor-widget-container\">\n\t\t\t\t\t\t\t\t\t\t\t\t\t\t\t<img loading=\"lazy\" decoding=\"async\" width=\"405\" height=\"384\" src=\"https:\/\/ciapmet.com\/wp-content\/uploads\/2020\/08\/6.png\" class=\"attachment-large size-large wp-image-233\" alt=\"CIAPMET\" srcset=\"https:\/\/ciapmet.com\/wp-content\/uploads\/2020\/08\/6.png 405w, https:\/\/ciapmet.com\/wp-content\/uploads\/2020\/08\/6-300x284.png 300w\" sizes=\"(max-width: 405px) 100vw, 405px\" \/>\t\t\t\t\t\t\t\t\t\t\t\t\t\t\t<\/div>\n\t\t\t\t<\/div>\n\t\t\t\t\t<\/div>\n\t\t<\/div>\n\t\t\t\t\t<\/div>\n\t\t<\/section>\n\t\t\t\t<section class=\"elementor-section elementor-top-section elementor-element elementor-element-be02073 elementor-section-boxed elementor-section-height-default elementor-section-height-default\" data-id=\"be02073\" data-element_type=\"section\">\n\t\t\t\t\t\t<div class=\"elementor-container elementor-column-gap-default\">\n\t\t\t\t\t<div class=\"elementor-column elementor-col-100 elementor-top-column elementor-element elementor-element-ab4b1a5\" data-id=\"ab4b1a5\" data-element_type=\"column\">\n\t\t\t<div class=\"elementor-widget-wrap elementor-element-populated\">\n\t\t\t\t\t\t<div class=\"elementor-element elementor-element-bfbec41 elementor-widget elementor-widget-text-editor\" data-id=\"bfbec41\" data-element_type=\"widget\" data-widget_type=\"text-editor.default\">\n\t\t\t\t<div class=\"elementor-widget-container\">\n\t\t\t\t\t\t\t\t\t<h5><em><strong>COLOCACI\u00d3N DE ESPEJOS<\/strong><\/em><\/h5>\t\t\t\t\t\t\t\t<\/div>\n\t\t\t\t<\/div>\n\t\t\t\t\t<\/div>\n\t\t<\/div>\n\t\t\t\t\t<\/div>\n\t\t<\/section>\n\t\t\t\t<section class=\"elementor-section elementor-top-section elementor-element elementor-element-1e54db6 elementor-section-boxed elementor-section-height-default elementor-section-height-default\" data-id=\"1e54db6\" data-element_type=\"section\">\n\t\t\t\t\t\t<div class=\"elementor-container elementor-column-gap-default\">\n\t\t\t\t\t<div class=\"elementor-column elementor-col-33 elementor-top-column elementor-element elementor-element-a219472\" data-id=\"a219472\" data-element_type=\"column\">\n\t\t\t<div class=\"elementor-widget-wrap elementor-element-populated\">\n\t\t\t\t\t\t<div class=\"elementor-element elementor-element-9650bea elementor-widget elementor-widget-image\" data-id=\"9650bea\" data-element_type=\"widget\" data-widget_type=\"image.default\">\n\t\t\t\t<div class=\"elementor-widget-container\">\n\t\t\t\t\t\t\t\t\t\t\t\t\t\t\t<img decoding=\"async\" src=\"https:\/\/ciapmet.com\/wp-content\/uploads\/2020\/08\/7.png\" title=\"TACHO No 3\" alt=\"CIAPMET\" loading=\"lazy\" \/>\t\t\t\t\t\t\t\t\t\t\t\t\t\t\t<\/div>\n\t\t\t\t<\/div>\n\t\t\t\t\t<\/div>\n\t\t<\/div>\n\t\t\t\t<div class=\"elementor-column elementor-col-33 elementor-top-column elementor-element elementor-element-5ecf63c\" data-id=\"5ecf63c\" data-element_type=\"column\">\n\t\t\t<div class=\"elementor-widget-wrap elementor-element-populated\">\n\t\t\t\t\t\t<div class=\"elementor-element elementor-element-248d27e elementor-widget elementor-widget-image\" data-id=\"248d27e\" data-element_type=\"widget\" data-widget_type=\"image.default\">\n\t\t\t\t<div class=\"elementor-widget-container\">\n\t\t\t\t\t\t\t\t\t\t\t\t\t\t\t<img loading=\"lazy\" decoding=\"async\" width=\"521\" height=\"385\" src=\"https:\/\/ciapmet.com\/wp-content\/uploads\/2020\/08\/8.png\" class=\"attachment-large size-large wp-image-238\" alt=\"CIAPMET\" srcset=\"https:\/\/ciapmet.com\/wp-content\/uploads\/2020\/08\/8.png 521w, https:\/\/ciapmet.com\/wp-content\/uploads\/2020\/08\/8-300x222.png 300w\" sizes=\"(max-width: 521px) 100vw, 521px\" \/>\t\t\t\t\t\t\t\t\t\t\t\t\t\t\t<\/div>\n\t\t\t\t<\/div>\n\t\t\t\t\t<\/div>\n\t\t<\/div>\n\t\t\t\t<div class=\"elementor-column elementor-col-33 elementor-top-column elementor-element elementor-element-2676b7b\" data-id=\"2676b7b\" data-element_type=\"column\">\n\t\t\t<div class=\"elementor-widget-wrap elementor-element-populated\">\n\t\t\t\t\t\t<div class=\"elementor-element elementor-element-e1cdbb3 elementor-widget elementor-widget-text-editor\" data-id=\"e1cdbb3\" data-element_type=\"widget\" data-widget_type=\"text-editor.default\">\n\t\t\t\t<div class=\"elementor-widget-container\">\n\t\t\t\t\t\t\t\t\t<h4>\u00a0<\/h4><h4 style=\"text-align: center;\"><strong>Se realiza el montaje de los espejos dentro de las instalaciones del ingenio Tamazula.<\/strong><\/h4>\t\t\t\t\t\t\t\t<\/div>\n\t\t\t\t<\/div>\n\t\t\t\t\t<\/div>\n\t\t<\/div>\n\t\t\t\t\t<\/div>\n\t\t<\/section>\n\t\t\t\t<section class=\"elementor-section elementor-top-section elementor-element elementor-element-7f856ff elementor-section-boxed elementor-section-height-default elementor-section-height-default\" data-id=\"7f856ff\" data-element_type=\"section\">\n\t\t\t\t\t\t<div class=\"elementor-container elementor-column-gap-default\">\n\t\t\t\t\t<div class=\"elementor-column elementor-col-100 elementor-top-column elementor-element elementor-element-c5f710f\" data-id=\"c5f710f\" data-element_type=\"column\">\n\t\t\t<div class=\"elementor-widget-wrap elementor-element-populated\">\n\t\t\t\t\t\t<div class=\"elementor-element elementor-element-c1bb330 elementor-widget elementor-widget-text-editor\" data-id=\"c1bb330\" data-element_type=\"widget\" data-widget_type=\"text-editor.default\">\n\t\t\t\t<div class=\"elementor-widget-container\">\n\t\t\t\t\t\t\t\t\t<h5><em><b>SECADOR DE AZ\u00daCAR<br \/><\/b><\/em>TOLVA DE ACERO INOXIDABLE<\/h5>\t\t\t\t\t\t\t\t<\/div>\n\t\t\t\t<\/div>\n\t\t\t\t<div class=\"elementor-element elementor-element-bb1d1bd elementor-widget elementor-widget-text-editor\" data-id=\"bb1d1bd\" data-element_type=\"widget\" data-widget_type=\"text-editor.default\">\n\t\t\t\t<div class=\"elementor-widget-container\">\n\t\t\t\t\t\t\t\t\t<h4 style=\"text-align: center;\">MONTAJE DE TOLVA DEL SECADOR DE AZ\u00daCAR EN PLANTA DEL&nbsp;INGENIO TAMAZULA<\/h4>\t\t\t\t\t\t\t\t<\/div>\n\t\t\t\t<\/div>\n\t\t\t\t\t<\/div>\n\t\t<\/div>\n\t\t\t\t\t<\/div>\n\t\t<\/section>\n\t\t\t\t<section class=\"elementor-section elementor-top-section elementor-element elementor-element-24b47d6 elementor-section-boxed elementor-section-height-default elementor-section-height-default\" data-id=\"24b47d6\" data-element_type=\"section\">\n\t\t\t\t\t\t<div class=\"elementor-container elementor-column-gap-default\">\n\t\t\t\t\t<div class=\"elementor-column elementor-col-50 elementor-top-column elementor-element elementor-element-a33c32c\" data-id=\"a33c32c\" data-element_type=\"column\">\n\t\t\t<div class=\"elementor-widget-wrap elementor-element-populated\">\n\t\t\t\t\t\t<div class=\"elementor-element elementor-element-1f1b9a1 elementor-widget elementor-widget-image\" data-id=\"1f1b9a1\" data-element_type=\"widget\" data-widget_type=\"image.default\">\n\t\t\t\t<div class=\"elementor-widget-container\">\n\t\t\t\t\t\t\t\t\t\t\t\t\t\t\t<img loading=\"lazy\" decoding=\"async\" width=\"467\" height=\"412\" src=\"https:\/\/ciapmet.com\/wp-content\/uploads\/2020\/08\/9.png\" class=\"attachment-large size-large wp-image-242\" alt=\"CIAPMET\" srcset=\"https:\/\/ciapmet.com\/wp-content\/uploads\/2020\/08\/9.png 467w, https:\/\/ciapmet.com\/wp-content\/uploads\/2020\/08\/9-300x265.png 300w\" sizes=\"(max-width: 467px) 100vw, 467px\" \/>\t\t\t\t\t\t\t\t\t\t\t\t\t\t\t<\/div>\n\t\t\t\t<\/div>\n\t\t\t\t\t<\/div>\n\t\t<\/div>\n\t\t\t\t<div class=\"elementor-column elementor-col-50 elementor-top-column elementor-element elementor-element-b120346\" data-id=\"b120346\" data-element_type=\"column\">\n\t\t\t<div class=\"elementor-widget-wrap elementor-element-populated\">\n\t\t\t\t\t\t<div class=\"elementor-element elementor-element-db55d7a elementor-widget elementor-widget-image\" data-id=\"db55d7a\" data-element_type=\"widget\" data-widget_type=\"image.default\">\n\t\t\t\t<div class=\"elementor-widget-container\">\n\t\t\t\t\t\t\t\t\t\t\t\t\t\t\t<img loading=\"lazy\" decoding=\"async\" width=\"454\" height=\"416\" src=\"https:\/\/ciapmet.com\/wp-content\/uploads\/2020\/08\/10.png\" class=\"attachment-large size-large wp-image-243\" alt=\"CIAPMET\" srcset=\"https:\/\/ciapmet.com\/wp-content\/uploads\/2020\/08\/10.png 454w, https:\/\/ciapmet.com\/wp-content\/uploads\/2020\/08\/10-300x275.png 300w\" sizes=\"(max-width: 454px) 100vw, 454px\" \/>\t\t\t\t\t\t\t\t\t\t\t\t\t\t\t<\/div>\n\t\t\t\t<\/div>\n\t\t\t\t\t<\/div>\n\t\t<\/div>\n\t\t\t\t\t<\/div>\n\t\t<\/section>\n\t\t\t\t<section class=\"elementor-section elementor-top-section elementor-element elementor-element-68335a3 elementor-section-boxed elementor-section-height-default elementor-section-height-default\" data-id=\"68335a3\" data-element_type=\"section\">\n\t\t\t\t\t\t<div class=\"elementor-container elementor-column-gap-default\">\n\t\t\t\t\t<div class=\"elementor-column elementor-col-100 elementor-top-column elementor-element elementor-element-405c0c6\" data-id=\"405c0c6\" data-element_type=\"column\">\n\t\t\t<div class=\"elementor-widget-wrap\">\n\t\t\t\t\t\t\t<\/div>\n\t\t<\/div>\n\t\t\t\t\t<\/div>\n\t\t<\/section>\n\t\t\t\t<\/div>\n\t\t","protected":false},"excerpt":{"rendered":"<p>Ingenio Tamazula FABRICACI\u00d3N DE ESPEJOS proceso de elaboraci\u00f3n de espejos para \u00e1rea de tachos. perforaciones de 4\u201d de di\u00e1metro en placa acero al carb\u00f3n de 1\u201d. contamos con una gr\u00faa de 20 toneladas para realizar maniobras de las estructuras elaboradas en \u00e1rea de trabajo, as\u00ed como el montaje de las mismas. COLOCACI\u00d3N DE ESPEJOS \u00a0 &hellip;<\/p>\n<p class=\"read-more\"> <a class=\"\" href=\"https:\/\/ciapmet.com\/index.php\/ingenio-tamazula\/\"> <span class=\"screen-reader-text\">Ingenio Tamazula<\/span> Leer m\u00e1s &raquo;<\/a><\/p>\n","protected":false},"author":1,"featured_media":0,"parent":0,"menu_order":0,"comment_status":"closed","ping_status":"closed","template":"","meta":{"footnotes":"","_joinchat":[]},"_links":{"self":[{"href":"https:\/\/ciapmet.com\/index.php\/wp-json\/wp\/v2\/pages\/199"}],"collection":[{"href":"https:\/\/ciapmet.com\/index.php\/wp-json\/wp\/v2\/pages"}],"about":[{"href":"https:\/\/ciapmet.com\/index.php\/wp-json\/wp\/v2\/types\/page"}],"author":[{"embeddable":true,"href":"https:\/\/ciapmet.com\/index.php\/wp-json\/wp\/v2\/users\/1"}],"replies":[{"embeddable":true,"href":"https:\/\/ciapmet.com\/index.php\/wp-json\/wp\/v2\/comments?post=199"}],"version-history":[{"count":8,"href":"https:\/\/ciapmet.com\/index.php\/wp-json\/wp\/v2\/pages\/199\/revisions"}],"predecessor-version":[{"id":344,"href":"https:\/\/ciapmet.com\/index.php\/wp-json\/wp\/v2\/pages\/199\/revisions\/344"}],"wp:attachment":[{"href":"https:\/\/ciapmet.com\/index.php\/wp-json\/wp\/v2\/media?parent=199"}],"curies":[{"name":"wp","href":"https:\/\/api.w.org\/{rel}","templated":true}]}}